{"id":855,"date":"2023-09-15T17:10:33","date_gmt":"2023-09-15T17:10:33","guid":{"rendered":"http:\/\/tulumrealestate.com\/?page_id=855"},"modified":"2023-12-26T17:25:54","modified_gmt":"2023-12-26T17:25:54","slug":"aldeas-infantiles","status":"publish","type":"page","link":"https:\/\/tulumrealestate.com\/en\/aldeas-infantiles\/","title":{"rendered":"Aldeas Infantiles"},"content":{"rendered":"<div data-elementor-type=\"wp-page\" data-elementor-id=\"855\" class=\"elementor elementor-855\" data-elementor-settings=\"{&quot;ha_cmc_init_switcher&quot;:&quot;no&quot;}\" data-elementor-post-type=\"page\">\n\t\t\t\t\t\t<section class=\"elementor-section elementor-top-section elementor-element elementor-element-62b6d69b elementor-section-full_width elementor-section-stretched elementor-section-height-default elementor-section-height-default\" data-id=\"62b6d69b\" data-element_type=\"section\" data-e-type=\"section\" data-settings=\"{&quot;stretch_section&quot;:&quot;section-stretched&quot;,&quot;_ha_eqh_enable&quot;:false}\">\n\t\t\t\t\t\t<div class=\"elementor-container elementor-column-gap-default\">\n\t\t\t\t\t<div class=\"elementor-column elementor-col-50 elementor-top-column elementor-element elementor-element-1c9554d2 animated-slow elementor-invisible\" data-id=\"1c9554d2\" data-element_type=\"column\" data-e-type=\"column\" data-settings=\"{&quot;animation&quot;:&quot;fadeIn&quot;}\">\n\t\t\t<div class=\"elementor-widget-wrap elementor-element-populated\">\n\t\t\t\t\t\t<div class=\"elementor-element elementor-element-1feddf5a elementor-invisible elementor-widget elementor-widget-heading\" data-id=\"1feddf5a\" data-element_type=\"widget\" data-e-type=\"widget\" data-settings=\"{&quot;_animation&quot;:&quot;fadeInLeft&quot;}\" data-widget_type=\"heading.default\">\n\t\t\t\t<div class=\"elementor-widget-container\">\n\t\t\t\t\t<h1 class=\"elementor-heading-title elementor-size-default\">Aldeas Infantiles<\/h1>\t\t\t\t<\/div>\n\t\t\t\t<\/div>\n\t\t\t\t\t<\/div>\n\t\t<\/div>\n\t\t\t\t<div class=\"elementor-column elementor-col-50 elementor-top-column elementor-element elementor-element-34170f1c animated-slow elementor-invisible\" data-id=\"34170f1c\" data-element_type=\"column\" data-e-type=\"column\" data-settings=\"{&quot;animation&quot;:&quot;fadeIn&quot;}\">\n\t\t\t<div class=\"elementor-widget-wrap\">\n\t\t\t\t\t\t\t<\/div>\n\t\t<\/div>\n\t\t\t\t\t<\/div>\n\t\t<\/section>\n\t\t\t\t<section class=\"elementor-section elementor-top-section elementor-element elementor-element-518bc54f elementor-section-full_width elementor-section-stretched elementor-section-height-default elementor-section-height-default\" data-id=\"518bc54f\" data-element_type=\"section\" data-e-type=\"section\" id=\"villa-sol\" data-settings=\"{&quot;stretch_section&quot;:&quot;section-stretched&quot;,&quot;_ha_eqh_enable&quot;:false}\">\n\t\t\t\t\t\t<div class=\"elementor-container elementor-column-gap-default\">\n\t\t\t\t\t<div class=\"elementor-column elementor-col-100 elementor-top-column elementor-element elementor-element-36a96c8e animated-slow elementor-invisible\" data-id=\"36a96c8e\" data-element_type=\"column\" data-e-type=\"column\" data-settings=\"{&quot;background_background&quot;:&quot;classic&quot;,&quot;animation&quot;:&quot;fadeIn&quot;}\">\n\t\t\t<div class=\"elementor-widget-wrap elementor-element-populated\">\n\t\t\t\t\t\t<div class=\"elementor-element elementor-element-6436c895 elementor-invisible elementor-widget elementor-widget-heading\" data-id=\"6436c895\" data-element_type=\"widget\" data-e-type=\"widget\" data-settings=\"{&quot;_animation&quot;:&quot;fadeIn&quot;}\" data-widget_type=\"heading.default\">\n\t\t\t\t<div class=\"elementor-widget-container\">\n\t\t\t\t\t<p class=\"elementor-heading-title elementor-size-default\">Contribution to the community is extremely important for us at Tulum Real Estate, and by supporting the most needy children we continue to prove that each of us can be part of the change that we want to see in Mexico and in the world. With great pride I want to share with you that we are part of the SOS Children's Villages support program, which welcomes children and adolescents who are in vulnerable situations in protective family environments, promoting their development and autonomy.\n<\/p>\t\t\t\t<\/div>\n\t\t\t\t<\/div>\n\t\t\t\t<div class=\"elementor-element elementor-element-7aa3c9c elementor-invisible elementor-widget elementor-widget-heading\" data-id=\"7aa3c9c\" data-element_type=\"widget\" data-e-type=\"widget\" data-settings=\"{&quot;_animation&quot;:&quot;fadeIn&quot;}\" data-widget_type=\"heading.default\">\n\t\t\t\t<div class=\"elementor-widget-container\">\n\t\t\t\t\t<p class=\"elementor-heading-title elementor-size-default\">The origin of this association dates back more than 60 years, in 1949, when the founder of Children's Villages, Hermann Gmeinerm, founded the first Village in Imst, Austria, to provide a new home for boys and girls who had lost their care for their families because of World War II. In 1971, thanks to professionals and many kind-hearted people, the National Board of Trustees was created and the first SOS Children's Village was built, located in the vicinity of the Basilica of Guadalupe.\n<\/p>\t\t\t\t<\/div>\n\t\t\t\t<\/div>\n\t\t\t\t<div class=\"elementor-element elementor-element-6ba1384 elementor-invisible elementor-widget elementor-widget-heading\" data-id=\"6ba1384\" data-element_type=\"widget\" data-e-type=\"widget\" data-settings=\"{&quot;_animation&quot;:&quot;fadeIn&quot;}\" data-widget_type=\"heading.default\">\n\t\t\t\t<div class=\"elementor-widget-container\">\n\t\t\t\t\t<p class=\"elementor-heading-title elementor-size-default\">Currently, SOS Children's Villages Mexico is an international organization with 71 years of experience in the world, with a presence in around 137 countries and 51 years of experience in Mexico, providing foster care to girls, boys, adolescents and young people with and without disabilities who They have lost parental care, living in a family environment, a warm and safe home, providing them with the tools for their future independent life and creating their support network. Likewise, they have the Family Strengthening program, with which they work to prevent family abandonment in low-income communities. These programs are located in 5 states of the Mexican Republic, Mexico City in the Gustavo I. Madero mayor's office, State of Mexico in Huehuetoca, Baja California in Tijuana, Michoac\u00e1n in Morelia, Puebla in Tehuac\u00e1n and Chiapas in Tuxtla Guti\u00e9rrez and Comit\u00e1n.\n<\/p>\t\t\t\t<\/div>\n\t\t\t\t<\/div>\n\t\t\t\t<div class=\"elementor-element elementor-element-91ae2ae elementor-invisible elementor-widget elementor-widget-heading\" data-id=\"91ae2ae\" data-element_type=\"widget\" data-e-type=\"widget\" data-settings=\"{&quot;_animation&quot;:&quot;fadeIn&quot;}\" data-widget_type=\"heading.default\">\n\t\t\t\t<div class=\"elementor-widget-container\">\n\t\t\t\t\t<p class=\"elementor-heading-title elementor-size-default\">At Tulum Real Estate we have committed ourselves to Mexico and children by creating a strong alliance with SOS Children's Villages, providing important economic and promotional support. Because while we sell and acquire multiple investment properties, there are many children and families who have nowhere to live. Tulum Real Estate seeks to contribute to achieving balance in the world and a better quality of life for our little ones.\n<\/p>\t\t\t\t<\/div>\n\t\t\t\t<\/div>\n\t\t\t\t<div class=\"elementor-element elementor-element-1212443 elementor-invisible elementor-widget elementor-widget-heading\" data-id=\"1212443\" data-element_type=\"widget\" data-e-type=\"widget\" data-settings=\"{&quot;_animation&quot;:&quot;fadeIn&quot;}\" data-widget_type=\"heading.default\">\n\t\t\t\t<div class=\"elementor-widget-container\">\n\t\t\t\t\t<p class=\"elementor-heading-title elementor-size-default\">We want to invite you to also be part of this great cause! Whether you invest with us (because a percentage of the profits goes to support the cause) or join directly, to find out how visit<i> <a href=\"\/en\/www.aldeasinfantiles.org.mx.\/\" style=\"color:#D39676\" target=\"_blank\">www.aldeasinfantiles.org.mx.<\/a><\/i>\n\n<\/p>\t\t\t\t<\/div>\n\t\t\t\t<\/div>\n\t\t\t\t\t<\/div>\n\t\t<\/div>\n\t\t\t\t\t<\/div>\n\t\t<\/section>\n\t\t\t\t<\/div>","protected":false},"excerpt":{"rendered":"<p>Aldeas Infantiles La contribucio\u0301n a la comunidad es para nosotros en Tulum Real Estate sumamente importante, y apoyando a la infancia ma\u0301s necesitada seguimos comprobando que cada uno de nosotros puede ser parte del cambio que queremos ver en Me\u0301xico y en el mundo. Con mucho orgullo quiero compartirte que somos parte del programa de [&hellip;]<\/p>\n","protected":false},"author":1,"featured_media":0,"parent":0,"menu_order":0,"comment_status":"closed","ping_status":"closed","template":"elementor_header_footer","meta":{"content-type":"","_joinchat":[],"footnotes":""},"class_list":["post-855","page","type-page","status-publish","hentry"],"yoast_head":"<!-- This site is optimized with the Yoast SEO plugin v27.4 - https:\/\/yoast.com\/product\/yoast-seo-wordpress\/ -->\n<title>Aldeas Infantiles - Tulum Real Estate<\/title>\n<meta name=\"robots\" content=\"noindex, follow, max-snippet:-1, max-image-preview:large, max-video-preview:-1\" \/>\n<meta property=\"og:locale\" content=\"en_US\" \/>\n<meta property=\"og:type\" content=\"article\" \/>\n<meta property=\"og:title\" content=\"Aldeas Infantiles - Tulum Real Estate\" \/>\n<meta property=\"og:description\" content=\"Aldeas Infantiles La contribucio\u0301n a la comunidad es para nosotros en Tulum Real Estate sumamente importante, y apoyando a la infancia ma\u0301s necesitada seguimos comprobando que cada uno de nosotros puede ser parte del cambio que queremos ver en Me\u0301xico y en el mundo. Con mucho orgullo quiero compartirte que somos parte del programa de [&hellip;]\" \/>\n<meta property=\"og:url\" content=\"https:\/\/tulumrealestate.com\/en\/aldeas-infantiles\/\" \/>\n<meta property=\"og:site_name\" content=\"Tulum Real Estate\" \/>\n<meta property=\"article:publisher\" content=\"https:\/\/www.facebook.com\/tulumrealestate\" \/>\n<meta property=\"article:modified_time\" content=\"2023-12-26T17:25:54+00:00\" \/>\n<meta name=\"twitter:card\" content=\"summary_large_image\" \/>\n<meta name=\"twitter:site\" content=\"@tulumrealestate\" \/>\n<meta name=\"twitter:label1\" content=\"Est. reading time\" \/>\n\t<meta name=\"twitter:data1\" content=\"2 minutes\" \/>\n<script type=\"application\/ld+json\" class=\"yoast-schema-graph\">{\"@context\":\"https:\\\/\\\/schema.org\",\"@graph\":[{\"@type\":\"WebPage\",\"@id\":\"https:\\\/\\\/tulumrealestate.com\\\/aldeas-infantiles\\\/\",\"url\":\"https:\\\/\\\/tulumrealestate.com\\\/aldeas-infantiles\\\/\",\"name\":\"Aldeas Infantiles - Tulum Real Estate\",\"isPartOf\":{\"@id\":\"https:\\\/\\\/tulumrealestate.com\\\/#website\"},\"datePublished\":\"2023-09-15T17:10:33+00:00\",\"dateModified\":\"2023-12-26T17:25:54+00:00\",\"breadcrumb\":{\"@id\":\"https:\\\/\\\/tulumrealestate.com\\\/aldeas-infantiles\\\/#breadcrumb\"},\"inLanguage\":\"en-US\",\"potentialAction\":[{\"@type\":\"ReadAction\",\"target\":[\"https:\\\/\\\/tulumrealestate.com\\\/aldeas-infantiles\\\/\"]}]},{\"@type\":\"BreadcrumbList\",\"@id\":\"https:\\\/\\\/tulumrealestate.com\\\/aldeas-infantiles\\\/#breadcrumb\",\"itemListElement\":[{\"@type\":\"ListItem\",\"position\":1,\"name\":\"Inicio\",\"item\":\"https:\\\/\\\/tulumrealestate.com\\\/\"},{\"@type\":\"ListItem\",\"position\":2,\"name\":\"Aldeas Infantiles\"}]},{\"@type\":\"WebSite\",\"@id\":\"https:\\\/\\\/tulumrealestate.com\\\/#website\",\"url\":\"https:\\\/\\\/tulumrealestate.com\\\/\",\"name\":\"Tulum Real Estate\",\"description\":\"Terrenos | Propiedades | Hoteles\",\"publisher\":{\"@id\":\"https:\\\/\\\/tulumrealestate.com\\\/#organization\"},\"potentialAction\":[{\"@type\":\"SearchAction\",\"target\":{\"@type\":\"EntryPoint\",\"urlTemplate\":\"https:\\\/\\\/tulumrealestate.com\\\/?s={search_term_string}\"},\"query-input\":{\"@type\":\"PropertyValueSpecification\",\"valueRequired\":true,\"valueName\":\"search_term_string\"}}],\"inLanguage\":\"en-US\"},{\"@type\":\"Organization\",\"@id\":\"https:\\\/\\\/tulumrealestate.com\\\/#organization\",\"name\":\"Tulum Real Estate\",\"url\":\"https:\\\/\\\/tulumrealestate.com\\\/\",\"logo\":{\"@type\":\"ImageObject\",\"inLanguage\":\"en-US\",\"@id\":\"https:\\\/\\\/tulumrealestate.com\\\/#\\\/schema\\\/logo\\\/image\\\/\",\"url\":\"https:\\\/\\\/tulumrealestate.com\\\/wp-content\\\/uploads\\\/2021\\\/11\\\/Copia-de-logo-tre-blanco.png\",\"contentUrl\":\"https:\\\/\\\/tulumrealestate.com\\\/wp-content\\\/uploads\\\/2021\\\/11\\\/Copia-de-logo-tre-blanco.png\",\"width\":800,\"height\":800,\"caption\":\"Tulum Real Estate\"},\"image\":{\"@id\":\"https:\\\/\\\/tulumrealestate.com\\\/#\\\/schema\\\/logo\\\/image\\\/\"},\"sameAs\":[\"https:\\\/\\\/www.facebook.com\\\/tulumrealestate\",\"https:\\\/\\\/x.com\\\/tulumrealestate\",\"https:\\\/\\\/www.instagram.com\\\/tulumrealestate\\\/\",\"https:\\\/\\\/www.tiktok.com\\\/@tulumrealestate\",\"https:\\\/\\\/www.youtube.com\\\/@tulumrealestate\"]}]}<\/script>\n<!-- \/ Yoast SEO plugin. -->","yoast_head_json":{"title":"Aldeas Infantiles - Tulum Real Estate","robots":{"index":"noindex","follow":"follow","max-snippet":"max-snippet:-1","max-image-preview":"max-image-preview:large","max-video-preview":"max-video-preview:-1"},"og_locale":"en_US","og_type":"article","og_title":"Aldeas Infantiles - Tulum Real Estate","og_description":"Aldeas Infantiles La contribucio\u0301n a la comunidad es para nosotros en Tulum Real Estate sumamente importante, y apoyando a la infancia ma\u0301s necesitada seguimos comprobando que cada uno de nosotros puede ser parte del cambio que queremos ver en Me\u0301xico y en el mundo. Con mucho orgullo quiero compartirte que somos parte del programa de [&hellip;]","og_url":"https:\/\/tulumrealestate.com\/en\/aldeas-infantiles\/","og_site_name":"Tulum Real Estate","article_publisher":"https:\/\/www.facebook.com\/tulumrealestate","article_modified_time":"2023-12-26T17:25:54+00:00","twitter_card":"summary_large_image","twitter_site":"@tulumrealestate","twitter_misc":{"Est. reading time":"2 minutes"},"schema":{"@context":"https:\/\/schema.org","@graph":[{"@type":"WebPage","@id":"https:\/\/tulumrealestate.com\/aldeas-infantiles\/","url":"https:\/\/tulumrealestate.com\/aldeas-infantiles\/","name":"Aldeas Infantiles - Tulum Real Estate","isPartOf":{"@id":"https:\/\/tulumrealestate.com\/#website"},"datePublished":"2023-09-15T17:10:33+00:00","dateModified":"2023-12-26T17:25:54+00:00","breadcrumb":{"@id":"https:\/\/tulumrealestate.com\/aldeas-infantiles\/#breadcrumb"},"inLanguage":"en-US","potentialAction":[{"@type":"ReadAction","target":["https:\/\/tulumrealestate.com\/aldeas-infantiles\/"]}]},{"@type":"BreadcrumbList","@id":"https:\/\/tulumrealestate.com\/aldeas-infantiles\/#breadcrumb","itemListElement":[{"@type":"ListItem","position":1,"name":"Inicio","item":"https:\/\/tulumrealestate.com\/"},{"@type":"ListItem","position":2,"name":"Aldeas Infantiles"}]},{"@type":"WebSite","@id":"https:\/\/tulumrealestate.com\/#website","url":"https:\/\/tulumrealestate.com\/","name":"Tulum Real Estate","description":"Terrenos | Propiedades | Hoteles","publisher":{"@id":"https:\/\/tulumrealestate.com\/#organization"},"potentialAction":[{"@type":"SearchAction","target":{"@type":"EntryPoint","urlTemplate":"https:\/\/tulumrealestate.com\/?s={search_term_string}"},"query-input":{"@type":"PropertyValueSpecification","valueRequired":true,"valueName":"search_term_string"}}],"inLanguage":"en-US"},{"@type":"Organization","@id":"https:\/\/tulumrealestate.com\/#organization","name":"Tulum Real Estate","url":"https:\/\/tulumrealestate.com\/","logo":{"@type":"ImageObject","inLanguage":"en-US","@id":"https:\/\/tulumrealestate.com\/#\/schema\/logo\/image\/","url":"https:\/\/tulumrealestate.com\/wp-content\/uploads\/2021\/11\/Copia-de-logo-tre-blanco.png","contentUrl":"https:\/\/tulumrealestate.com\/wp-content\/uploads\/2021\/11\/Copia-de-logo-tre-blanco.png","width":800,"height":800,"caption":"Tulum Real Estate"},"image":{"@id":"https:\/\/tulumrealestate.com\/#\/schema\/logo\/image\/"},"sameAs":["https:\/\/www.facebook.com\/tulumrealestate","https:\/\/x.com\/tulumrealestate","https:\/\/www.instagram.com\/tulumrealestate\/","https:\/\/www.tiktok.com\/@tulumrealestate","https:\/\/www.youtube.com\/@tulumrealestate"]}]}},"_links":{"self":[{"href":"https:\/\/tulumrealestate.com\/en\/wp-json\/wp\/v2\/pages\/855","targetHints":{"allow":["GET"]}}],"collection":[{"href":"https:\/\/tulumrealestate.com\/en\/wp-json\/wp\/v2\/pages"}],"about":[{"href":"https:\/\/tulumrealestate.com\/en\/wp-json\/wp\/v2\/types\/page"}],"author":[{"embeddable":true,"href":"https:\/\/tulumrealestate.com\/en\/wp-json\/wp\/v2\/users\/1"}],"replies":[{"embeddable":true,"href":"https:\/\/tulumrealestate.com\/en\/wp-json\/wp\/v2\/comments?post=855"}],"version-history":[{"count":0,"href":"https:\/\/tulumrealestate.com\/en\/wp-json\/wp\/v2\/pages\/855\/revisions"}],"wp:attachment":[{"href":"https:\/\/tulumrealestate.com\/en\/wp-json\/wp\/v2\/media?parent=855"}],"curies":[{"name":"wp","href":"https:\/\/api.w.org\/{rel}","templated":true}]}}