{"id":792,"date":"2023-09-14T16:40:42","date_gmt":"2023-09-14T16:40:42","guid":{"rendered":"http:\/\/tulumrealestate.com\/?page_id=792"},"modified":"2026-01-29T05:35:44","modified_gmt":"2026-01-29T05:35:44","slug":"por-que-tulum","status":"publish","type":"page","link":"https:\/\/tulumrealestate.com\/en\/por-que-tulum\/","title":{"rendered":"Por qu\u00e9 Tulum"},"content":{"rendered":"<div data-elementor-type=\"wp-page\" data-elementor-id=\"792\" class=\"elementor elementor-792\" data-elementor-settings=\"{&quot;ha_cmc_init_switcher&quot;:&quot;no&quot;}\" data-elementor-post-type=\"page\">\n\t\t\t\t\t\t<section class=\"elementor-section elementor-top-section elementor-element elementor-element-62b6d69b elementor-section-full_width elementor-section-stretched elementor-section-height-default elementor-section-height-default\" data-id=\"62b6d69b\" data-element_type=\"section\" data-e-type=\"section\" data-settings=\"{&quot;stretch_section&quot;:&quot;section-stretched&quot;,&quot;_ha_eqh_enable&quot;:false}\">\n\t\t\t\t\t\t<div class=\"elementor-container elementor-column-gap-default\">\n\t\t\t\t\t<div class=\"elementor-column elementor-col-50 elementor-top-column elementor-element elementor-element-1c9554d2 animated-slow elementor-invisible\" data-id=\"1c9554d2\" data-element_type=\"column\" data-e-type=\"column\" data-settings=\"{&quot;animation&quot;:&quot;fadeIn&quot;}\">\n\t\t\t<div class=\"elementor-widget-wrap elementor-element-populated\">\n\t\t\t\t\t\t<div class=\"elementor-element elementor-element-1feddf5a elementor-invisible elementor-widget elementor-widget-heading\" data-id=\"1feddf5a\" data-element_type=\"widget\" data-e-type=\"widget\" data-settings=\"{&quot;_animation&quot;:&quot;fadeInLeft&quot;}\" data-widget_type=\"heading.default\">\n\t\t\t\t<div class=\"elementor-widget-container\">\n\t\t\t\t\t<h1 class=\"elementor-heading-title elementor-size-default\">Why Tulum?\n<\/h1>\t\t\t\t<\/div>\n\t\t\t\t<\/div>\n\t\t\t\t\t<\/div>\n\t\t<\/div>\n\t\t\t\t<div class=\"elementor-column elementor-col-50 elementor-top-column elementor-element elementor-element-34170f1c animated-slow elementor-invisible\" data-id=\"34170f1c\" data-element_type=\"column\" data-e-type=\"column\" data-settings=\"{&quot;animation&quot;:&quot;fadeIn&quot;}\">\n\t\t\t<div class=\"elementor-widget-wrap\">\n\t\t\t\t\t\t\t<\/div>\n\t\t<\/div>\n\t\t\t\t\t<\/div>\n\t\t<\/section>\n\t\t\t\t<section class=\"elementor-section elementor-top-section elementor-element elementor-element-518bc54f elementor-section-full_width elementor-section-stretched elementor-section-height-default elementor-section-height-default\" data-id=\"518bc54f\" data-element_type=\"section\" data-e-type=\"section\" id=\"villa-sol\" data-settings=\"{&quot;stretch_section&quot;:&quot;section-stretched&quot;,&quot;_ha_eqh_enable&quot;:false}\">\n\t\t\t\t\t\t<div class=\"elementor-container elementor-column-gap-default\">\n\t\t\t\t\t<div class=\"elementor-column elementor-col-50 elementor-top-column elementor-element elementor-element-412608d7\" data-id=\"412608d7\" data-element_type=\"column\" data-e-type=\"column\" data-settings=\"{&quot;background_background&quot;:&quot;classic&quot;}\">\n\t\t\t<div class=\"elementor-widget-wrap elementor-element-populated\">\n\t\t\t\t\t\t<div class=\"elementor-element elementor-element-a66f56d elementor-widget elementor-widget-spacer\" data-id=\"a66f56d\" data-element_type=\"widget\" data-e-type=\"widget\" data-widget_type=\"spacer.default\">\n\t\t\t\t<div class=\"elementor-widget-container\">\n\t\t\t\t\t\t\t<div class=\"elementor-spacer\">\n\t\t\t<div class=\"elementor-spacer-inner\"><\/div>\n\t\t<\/div>\n\t\t\t\t\t\t<\/div>\n\t\t\t\t<\/div>\n\t\t\t\t\t<\/div>\n\t\t<\/div>\n\t\t\t\t<div class=\"elementor-column elementor-col-50 elementor-top-column elementor-element elementor-element-36a96c8e animated-slow elementor-invisible\" data-id=\"36a96c8e\" data-element_type=\"column\" data-e-type=\"column\" data-settings=\"{&quot;background_background&quot;:&quot;classic&quot;,&quot;animation&quot;:&quot;fadeIn&quot;}\">\n\t\t\t<div class=\"elementor-widget-wrap elementor-element-populated\">\n\t\t\t\t\t\t<div class=\"elementor-element elementor-element-6436c895 elementor-invisible elementor-widget elementor-widget-heading\" data-id=\"6436c895\" data-element_type=\"widget\" data-e-type=\"widget\" data-settings=\"{&quot;_animation&quot;:&quot;fadeIn&quot;}\" data-widget_type=\"heading.default\">\n\t\t\t\t<div class=\"elementor-widget-container\">\n\t\t\t\t\t<p class=\"elementor-heading-title elementor-size-default\">Tulum is the jewel of the Riviera Maya, with beaches with crystal-clear waters, cenotes that captivate the soul, beautiful ancestral ruins and extraordinary biodiversity that attracts tourists from all over the world. The Mayan Culture is reflected in the architecture and local gastronomy, creating a unique and authentic experience for visitors and residents in Tulum. It is also worth noting that it is one of the most sustainable and ecological destinations in Mexico, which attracts visitors and investors increasingly concerned about the environment and sustainability.\n<\/p>\t\t\t\t<\/div>\n\t\t\t\t<\/div>\n\t\t\t\t<div class=\"elementor-element elementor-element-7aa3c9c elementor-invisible elementor-widget elementor-widget-heading\" data-id=\"7aa3c9c\" data-element_type=\"widget\" data-e-type=\"widget\" data-settings=\"{&quot;_animation&quot;:&quot;fadeIn&quot;}\" data-widget_type=\"heading.default\">\n\t\t\t\t<div class=\"elementor-widget-container\">\n\t\t\t\t\t<p class=\"elementor-heading-title elementor-size-default\">The Tulum real estate market is constantly and rapidly growing, offering multiple investment options and long-term profitability. Real estate developments in Tulum offer incredible investment opportunities thanks to the growing demand for luxury tourism that seeks a holistic, natural and sustainable housing experience, without losing comfort and luxury. Tulum is today an inspiring destination for those looking for a quiet and relaxed lifestyle, surrounded by an incredibly beautiful and increasingly modern natural environment. \n\n<\/p>\t\t\t\t<\/div>\n\t\t\t\t<\/div>\n\t\t\t\t\t<\/div>\n\t\t<\/div>\n\t\t\t\t\t<\/div>\n\t\t<\/section>\n\t\t\t\t<section class=\"elementor-section elementor-top-section elementor-element elementor-element-f9b87e9 elementor-section-full_width elementor-section-stretched elementor-reverse-mobile elementor-section-height-default elementor-section-height-default\" data-id=\"f9b87e9\" data-element_type=\"section\" data-e-type=\"section\" data-settings=\"{&quot;stretch_section&quot;:&quot;section-stretched&quot;,&quot;_ha_eqh_enable&quot;:false}\">\n\t\t\t\t\t\t<div class=\"elementor-container elementor-column-gap-default\">\n\t\t\t\t\t<div class=\"elementor-column elementor-col-50 elementor-top-column elementor-element elementor-element-18feed9 animated-slow elementor-invisible\" data-id=\"18feed9\" data-element_type=\"column\" data-e-type=\"column\" data-settings=\"{&quot;background_background&quot;:&quot;classic&quot;,&quot;animation&quot;:&quot;fadeIn&quot;}\">\n\t\t\t<div class=\"elementor-widget-wrap elementor-element-populated\">\n\t\t\t\t\t\t<div class=\"elementor-element elementor-element-25d95cb elementor-invisible elementor-widget elementor-widget-heading\" data-id=\"25d95cb\" data-element_type=\"widget\" data-e-type=\"widget\" data-settings=\"{&quot;_animation&quot;:&quot;fadeIn&quot;}\" data-widget_type=\"heading.default\">\n\t\t\t\t<div class=\"elementor-widget-container\">\n\t\t\t\t\t<p class=\"elementor-heading-title elementor-size-default\">However, Tulum also targets a market that seeks new activities and entertainment experiences unprecedented in Mexico. With a growing demand for business tourism in Mexico, Tulum is positioning itself as an excellent location for international conferences, festivals and events. This results in the profitability of real estate projects in Tulum being one of the highest in the country, thanks to its very high international tourist demand and competitive prices.\n<\/p>\t\t\t\t<\/div>\n\t\t\t\t<\/div>\n\t\t\t\t<div class=\"elementor-element elementor-element-4802aae elementor-invisible elementor-widget elementor-widget-heading\" data-id=\"4802aae\" data-element_type=\"widget\" data-e-type=\"widget\" data-settings=\"{&quot;_animation&quot;:&quot;fadeIn&quot;}\" data-widget_type=\"heading.default\">\n\t\t\t\t<div class=\"elementor-widget-container\">\n\t\t\t\t\t<p class=\"elementor-heading-title elementor-size-default\">Tulum is a paradise in Mexico for those looking for a vacation property, a retirement retreat or a long-term real estate investment. Investing in Real Estate in Tulum is the opportunity to be part of a constantly expanding market in one of the most attractive locations in the modern world. \n\n<\/p>\t\t\t\t<\/div>\n\t\t\t\t<\/div>\n\t\t\t\t<div class=\"elementor-element elementor-element-d87f4b6 elementor-invisible elementor-widget elementor-widget-heading\" data-id=\"d87f4b6\" data-element_type=\"widget\" data-e-type=\"widget\" data-settings=\"{&quot;_animation&quot;:&quot;fadeIn&quot;}\" data-widget_type=\"heading.default\">\n\t\t\t\t<div class=\"elementor-widget-container\">\n\t\t\t\t\t<h2 class=\"elementor-heading-title elementor-size-default\">Investing in Real Estate in Tulum, Mexico, is today one of the best options to secure your future and that of your family.\n\n<\/h2>\t\t\t\t<\/div>\n\t\t\t\t<\/div>\n\t\t\t\t\t<\/div>\n\t\t<\/div>\n\t\t\t\t<div class=\"elementor-column elementor-col-50 elementor-top-column elementor-element elementor-element-6505c80\" data-id=\"6505c80\" data-element_type=\"column\" data-e-type=\"column\" data-settings=\"{&quot;background_background&quot;:&quot;classic&quot;}\">\n\t\t\t<div class=\"elementor-widget-wrap elementor-element-populated\">\n\t\t\t\t\t\t<div class=\"elementor-element elementor-element-b1940a5 elementor-widget elementor-widget-spacer\" data-id=\"b1940a5\" data-element_type=\"widget\" data-e-type=\"widget\" data-widget_type=\"spacer.default\">\n\t\t\t\t<div class=\"elementor-widget-container\">\n\t\t\t\t\t\t\t<div class=\"elementor-spacer\">\n\t\t\t<div class=\"elementor-spacer-inner\"><\/div>\n\t\t<\/div>\n\t\t\t\t\t\t<\/div>\n\t\t\t\t<\/div>\n\t\t\t\t\t<\/div>\n\t\t<\/div>\n\t\t\t\t\t<\/div>\n\t\t<\/section>\n\t\t\t\t<\/div>","protected":false},"excerpt":{"rendered":"<p>\u00bfPor qu\u00e9 Tulum? Tulum es la joya de la Riviera Maya, con playas de aguas cristalinas, cenotes que cautivan el alma, hermosas ruinas ancestrales y una extraordinaria biodiversidad que atrae a turistas de todo el mundo. La Cultura Maya se refleja en la arquitectura y la gastronom\u00eda local, creando una experiencia \u00fanica y aut\u00e9ntica para [&hellip;]<\/p>\n","protected":false},"author":1,"featured_media":0,"parent":0,"menu_order":0,"comment_status":"closed","ping_status":"closed","template":"elementor_header_footer","meta":{"content-type":"","_joinchat":[],"footnotes":""},"class_list":["post-792","page","type-page","status-publish","hentry"],"yoast_head":"<!-- This site is optimized with the Yoast SEO plugin v27.5 - https:\/\/yoast.com\/product\/yoast-seo-wordpress\/ -->\n<title>Por qu\u00e9 Tulum - Tulum Real Estate<\/title>\n<meta name=\"robots\" content=\"noindex, follow, max-snippet:-1, max-image-preview:large, max-video-preview:-1\" \/>\n<meta property=\"og:locale\" content=\"en_US\" \/>\n<meta property=\"og:type\" content=\"article\" \/>\n<meta property=\"og:title\" content=\"Por qu\u00e9 Tulum - Tulum Real Estate\" \/>\n<meta property=\"og:description\" content=\"\u00bfPor qu\u00e9 Tulum? Tulum es la joya de la Riviera Maya, con playas de aguas cristalinas, cenotes que cautivan el alma, hermosas ruinas ancestrales y una extraordinaria biodiversidad que atrae a turistas de todo el mundo. La Cultura Maya se refleja en la arquitectura y la gastronom\u00eda local, creando una experiencia \u00fanica y aut\u00e9ntica para [&hellip;]\" \/>\n<meta property=\"og:url\" content=\"https:\/\/tulumrealestate.com\/en\/por-que-tulum\/\" \/>\n<meta property=\"og:site_name\" content=\"Tulum Real Estate\" \/>\n<meta property=\"article:publisher\" content=\"https:\/\/www.facebook.com\/tulumrealestate\" \/>\n<meta property=\"article:modified_time\" content=\"2026-01-29T05:35:44+00:00\" \/>\n<meta name=\"twitter:card\" content=\"summary_large_image\" \/>\n<meta name=\"twitter:site\" content=\"@tulumrealestate\" \/>\n<meta name=\"twitter:label1\" content=\"Est. reading time\" \/>\n\t<meta name=\"twitter:data1\" content=\"2 minutes\" \/>\n<script type=\"application\/ld+json\" class=\"yoast-schema-graph\">{\"@context\":\"https:\\\/\\\/schema.org\",\"@graph\":[{\"@type\":\"WebPage\",\"@id\":\"https:\\\/\\\/tulumrealestate.com\\\/por-que-tulum\\\/\",\"url\":\"https:\\\/\\\/tulumrealestate.com\\\/por-que-tulum\\\/\",\"name\":\"Por qu\u00e9 Tulum - Tulum Real Estate\",\"isPartOf\":{\"@id\":\"https:\\\/\\\/tulumrealestate.com\\\/#website\"},\"datePublished\":\"2023-09-14T16:40:42+00:00\",\"dateModified\":\"2026-01-29T05:35:44+00:00\",\"breadcrumb\":{\"@id\":\"https:\\\/\\\/tulumrealestate.com\\\/por-que-tulum\\\/#breadcrumb\"},\"inLanguage\":\"en-US\",\"potentialAction\":[{\"@type\":\"ReadAction\",\"target\":[\"https:\\\/\\\/tulumrealestate.com\\\/por-que-tulum\\\/\"]}]},{\"@type\":\"BreadcrumbList\",\"@id\":\"https:\\\/\\\/tulumrealestate.com\\\/por-que-tulum\\\/#breadcrumb\",\"itemListElement\":[{\"@type\":\"ListItem\",\"position\":1,\"name\":\"Inicio\",\"item\":\"https:\\\/\\\/tulumrealestate.com\\\/\"},{\"@type\":\"ListItem\",\"position\":2,\"name\":\"Por qu\u00e9 Tulum\"}]},{\"@type\":\"WebSite\",\"@id\":\"https:\\\/\\\/tulumrealestate.com\\\/#website\",\"url\":\"https:\\\/\\\/tulumrealestate.com\\\/\",\"name\":\"Tulum Real Estate\",\"description\":\"Terrenos | Propiedades | Hoteles\",\"publisher\":{\"@id\":\"https:\\\/\\\/tulumrealestate.com\\\/#organization\"},\"potentialAction\":[{\"@type\":\"SearchAction\",\"target\":{\"@type\":\"EntryPoint\",\"urlTemplate\":\"https:\\\/\\\/tulumrealestate.com\\\/?s={search_term_string}\"},\"query-input\":{\"@type\":\"PropertyValueSpecification\",\"valueRequired\":true,\"valueName\":\"search_term_string\"}}],\"inLanguage\":\"en-US\"},{\"@type\":\"Organization\",\"@id\":\"https:\\\/\\\/tulumrealestate.com\\\/#organization\",\"name\":\"Tulum Real Estate\",\"url\":\"https:\\\/\\\/tulumrealestate.com\\\/\",\"logo\":{\"@type\":\"ImageObject\",\"inLanguage\":\"en-US\",\"@id\":\"https:\\\/\\\/tulumrealestate.com\\\/#\\\/schema\\\/logo\\\/image\\\/\",\"url\":\"https:\\\/\\\/tulumrealestate.com\\\/wp-content\\\/uploads\\\/2021\\\/11\\\/Copia-de-logo-tre-blanco.png\",\"contentUrl\":\"https:\\\/\\\/tulumrealestate.com\\\/wp-content\\\/uploads\\\/2021\\\/11\\\/Copia-de-logo-tre-blanco.png\",\"width\":800,\"height\":800,\"caption\":\"Tulum Real Estate\"},\"image\":{\"@id\":\"https:\\\/\\\/tulumrealestate.com\\\/#\\\/schema\\\/logo\\\/image\\\/\"},\"sameAs\":[\"https:\\\/\\\/www.facebook.com\\\/tulumrealestate\",\"https:\\\/\\\/x.com\\\/tulumrealestate\",\"https:\\\/\\\/www.instagram.com\\\/tulumrealestate\\\/\",\"https:\\\/\\\/www.tiktok.com\\\/@tulumrealestate\",\"https:\\\/\\\/www.youtube.com\\\/@tulumrealestate\"]}]}<\/script>\n<!-- \/ Yoast SEO plugin. -->","yoast_head_json":{"title":"Por qu\u00e9 Tulum - Tulum Real Estate","robots":{"index":"noindex","follow":"follow","max-snippet":"max-snippet:-1","max-image-preview":"max-image-preview:large","max-video-preview":"max-video-preview:-1"},"og_locale":"en_US","og_type":"article","og_title":"Por qu\u00e9 Tulum - Tulum Real Estate","og_description":"\u00bfPor qu\u00e9 Tulum? Tulum es la joya de la Riviera Maya, con playas de aguas cristalinas, cenotes que cautivan el alma, hermosas ruinas ancestrales y una extraordinaria biodiversidad que atrae a turistas de todo el mundo. La Cultura Maya se refleja en la arquitectura y la gastronom\u00eda local, creando una experiencia \u00fanica y aut\u00e9ntica para [&hellip;]","og_url":"https:\/\/tulumrealestate.com\/en\/por-que-tulum\/","og_site_name":"Tulum Real Estate","article_publisher":"https:\/\/www.facebook.com\/tulumrealestate","article_modified_time":"2026-01-29T05:35:44+00:00","twitter_card":"summary_large_image","twitter_site":"@tulumrealestate","twitter_misc":{"Est. reading time":"2 minutes"},"schema":{"@context":"https:\/\/schema.org","@graph":[{"@type":"WebPage","@id":"https:\/\/tulumrealestate.com\/por-que-tulum\/","url":"https:\/\/tulumrealestate.com\/por-que-tulum\/","name":"Por qu\u00e9 Tulum - Tulum Real Estate","isPartOf":{"@id":"https:\/\/tulumrealestate.com\/#website"},"datePublished":"2023-09-14T16:40:42+00:00","dateModified":"2026-01-29T05:35:44+00:00","breadcrumb":{"@id":"https:\/\/tulumrealestate.com\/por-que-tulum\/#breadcrumb"},"inLanguage":"en-US","potentialAction":[{"@type":"ReadAction","target":["https:\/\/tulumrealestate.com\/por-que-tulum\/"]}]},{"@type":"BreadcrumbList","@id":"https:\/\/tulumrealestate.com\/por-que-tulum\/#breadcrumb","itemListElement":[{"@type":"ListItem","position":1,"name":"Inicio","item":"https:\/\/tulumrealestate.com\/"},{"@type":"ListItem","position":2,"name":"Por qu\u00e9 Tulum"}]},{"@type":"WebSite","@id":"https:\/\/tulumrealestate.com\/#website","url":"https:\/\/tulumrealestate.com\/","name":"Tulum Real Estate","description":"Terrenos | Propiedades | Hoteles","publisher":{"@id":"https:\/\/tulumrealestate.com\/#organization"},"potentialAction":[{"@type":"SearchAction","target":{"@type":"EntryPoint","urlTemplate":"https:\/\/tulumrealestate.com\/?s={search_term_string}"},"query-input":{"@type":"PropertyValueSpecification","valueRequired":true,"valueName":"search_term_string"}}],"inLanguage":"en-US"},{"@type":"Organization","@id":"https:\/\/tulumrealestate.com\/#organization","name":"Tulum Real Estate","url":"https:\/\/tulumrealestate.com\/","logo":{"@type":"ImageObject","inLanguage":"en-US","@id":"https:\/\/tulumrealestate.com\/#\/schema\/logo\/image\/","url":"https:\/\/tulumrealestate.com\/wp-content\/uploads\/2021\/11\/Copia-de-logo-tre-blanco.png","contentUrl":"https:\/\/tulumrealestate.com\/wp-content\/uploads\/2021\/11\/Copia-de-logo-tre-blanco.png","width":800,"height":800,"caption":"Tulum Real Estate"},"image":{"@id":"https:\/\/tulumrealestate.com\/#\/schema\/logo\/image\/"},"sameAs":["https:\/\/www.facebook.com\/tulumrealestate","https:\/\/x.com\/tulumrealestate","https:\/\/www.instagram.com\/tulumrealestate\/","https:\/\/www.tiktok.com\/@tulumrealestate","https:\/\/www.youtube.com\/@tulumrealestate"]}]}},"_links":{"self":[{"href":"https:\/\/tulumrealestate.com\/en\/wp-json\/wp\/v2\/pages\/792","targetHints":{"allow":["GET"]}}],"collection":[{"href":"https:\/\/tulumrealestate.com\/en\/wp-json\/wp\/v2\/pages"}],"about":[{"href":"https:\/\/tulumrealestate.com\/en\/wp-json\/wp\/v2\/types\/page"}],"author":[{"embeddable":true,"href":"https:\/\/tulumrealestate.com\/en\/wp-json\/wp\/v2\/users\/1"}],"replies":[{"embeddable":true,"href":"https:\/\/tulumrealestate.com\/en\/wp-json\/wp\/v2\/comments?post=792"}],"version-history":[{"count":1,"href":"https:\/\/tulumrealestate.com\/en\/wp-json\/wp\/v2\/pages\/792\/revisions"}],"predecessor-version":[{"id":3457,"href":"https:\/\/tulumrealestate.com\/en\/wp-json\/wp\/v2\/pages\/792\/revisions\/3457"}],"wp:attachment":[{"href":"https:\/\/tulumrealestate.com\/en\/wp-json\/wp\/v2\/media?parent=792"}],"curies":[{"name":"wp","href":"https:\/\/api.w.org\/{rel}","templated":true}]}}